{"id":1135,"date":"2019-03-06T16:23:13","date_gmt":"2019-03-06T16:23:13","guid":{"rendered":"http:\/\/carpinteriacirer.com\/cc\/inicio\/"},"modified":"2019-09-12T17:17:55","modified_gmt":"2019-09-12T17:17:55","slug":"inicio","status":"publish","type":"page","link":"https:\/\/carpinteriacirer.com\/cc\/ca\/inicio\/","title":{"rendered":"Inici"},"content":{"rendered":"<p class=\"intro narrow not-big\">Empresa familiar amb m\u00e9s de 50 anys d\u2019experi\u00e8ncia en servei al client, al front de la mateixa est\u00e0 la seva segona i tercera generaci\u00f3, dedicada al sector de la fusta\u00a0 i la decoraci\u00f3 preservant el<strong>\u00a0medi ambient<\/strong>\u00a0treballant amb fustes certificades FSC, convinant el treball\u00a0<strong>artesanal<\/strong>\u00a0i\u00a0<strong>tecnol\u00f2gic<\/strong>.<\/p>\n","protected":false},"excerpt":{"rendered":"<p>Empresa familiar amb m\u00e9s de 50 anys d\u2019experi\u00e8ncia en servei al client, al front de la mateixa est\u00e0 la seva segona i tercera generaci\u00f3, dedicada al sector de la fusta\u00a0 i la decoraci\u00f3 preservant el\u00a0medi ambient\u00a0treballant amb fustes certificades FSC, convinant el treball\u00a0artesanal\u00a0i\u00a0tecnol\u00f2gic.<\/p>\n","protected":false},"author":1,"featured_media":0,"parent":0,"menu_order":0,"comment_status":"closed","ping_status":"closed","template":"","meta":{"footnotes":""},"_links":{"self":[{"href":"https:\/\/carpinteriacirer.com\/cc\/wp-json\/wp\/v2\/pages\/1135"}],"collection":[{"href":"https:\/\/carpinteriacirer.com\/cc\/wp-json\/wp\/v2\/pages"}],"about":[{"href":"https:\/\/carpinteriacirer.com\/cc\/wp-json\/wp\/v2\/types\/page"}],"author":[{"embeddable":true,"href":"https:\/\/carpinteriacirer.com\/cc\/wp-json\/wp\/v2\/users\/1"}],"replies":[{"embeddable":true,"href":"https:\/\/carpinteriacirer.com\/cc\/wp-json\/wp\/v2\/comments?post=1135"}],"version-history":[{"count":1,"href":"https:\/\/carpinteriacirer.com\/cc\/wp-json\/wp\/v2\/pages\/1135\/revisions"}],"predecessor-version":[{"id":1136,"href":"https:\/\/carpinteriacirer.com\/cc\/wp-json\/wp\/v2\/pages\/1135\/revisions\/1136"}],"wp:attachment":[{"href":"https:\/\/carpinteriacirer.com\/cc\/wp-json\/wp\/v2\/media?parent=1135"}],"curies":[{"name":"wp","href":"https:\/\/api.w.org\/{rel}","templated":true}]}}