{"id":1148,"date":"2019-08-05T16:10:24","date_gmt":"2019-08-05T16:10:24","guid":{"rendered":"http:\/\/carpinteriacirer.com\/cc\/?page_id=1148"},"modified":"2019-08-05T16:10:24","modified_gmt":"2019-08-05T16:10:24","slug":"cookie-politik","status":"publish","type":"page","link":"https:\/\/carpinteriacirer.com\/cc\/de\/cookie-politik\/","title":{"rendered":"Cookie-Politik"},"content":{"rendered":"<section class=\"content\">\n<div class=\"container\">\n<div class=\"inner-page row wp_page is_sidebar\">\n<div id=\"post-969\" class=\"col-lg-12 col-md-12 col-sm-12 col-xs-12 page-content post-entry post-969 page type-page status-publish hentry\">\n<p>Wir verwenden Cookies, um die Nutzung unserer Website zu erleichtern. Cookies sind kleine Dateien mit Informationen, die uns zu vergleichen und zu verstehen, wie unsere Nutzer navigieren Sie durch unsere Website und damit folglich die Navigation zu verbessern erlauben. Die von uns verwendeten Cookies speichern keine pers\u00f6nlichen Daten oder Informationen, die Sie identifizieren k\u00f6nnen. Wenn nicht w\u00fcnschen Cookies erhalten, konfigurieren Sie bitte Ihren Internet-Browser, um sie von Ihrer Festplatte, Block l\u00f6schen oder alarmieren, wenn deren Installation. Um ohne \u00c4nderungen an der Konfiguration der Cookies fortsetzen, weiterhin nur auf der Website.<\/p>\n<p>Die Arten von Cookies verwenden wir:<\/p>\n<p>\u2022\u00a0<strong>Technische Cookies:<\/strong>\u00a0Dies sind diejenigen, die es dem Benutzer, \u00fcber eine Website, Plattform oder Anwendung und Nutzung von verschiedenen Optionen oder Dienstleistungen es als vorhanden sind, zum Beispiel navigieren k\u00f6nnen, Steuerungsverkehr und Datenkommunikation zu identifizieren die Sitzung, Zugang zu gesch\u00fctzten Teilen, erinnern die Elemente eines Auftrags, stellen Sie den Kaufprozess ein Auftrag, einen Antrag auf Registrierung oder Teilnahme an einer Veranstaltung, verwenden Sie Sicherheitsfunktionen beim Browsen, Speicherinhalt f\u00fcr Broadcast-Video oder Ton, oder teilen Sie Inhalte \u00fcber soziale Netzwerke.<\/p>\n<p>\u2022\u00a0<strong>Anpassung Cookies:<\/strong>\u00a0Dies sind diejenigen, die Benutzer, um den Dienst mit einigen Funktionen von allgemeiner Natur das Benutzerendger\u00e4t, wie auf der Grundlage einer Reihe vordefinierter Kriterien Zugriff erlauben w\u00fcrde, die Sprache, den Browsertyp, durch den Zugriff auf sein Service, das Gebietsschema von dem aus Sie den Service usw.<\/p>\n<p>&nbsp;<\/p>\n<p>Wir verwenden diese Informationen zur Verbesserung unserer Website, neue Bed\u00fcrfnisse zu identifizieren und zu bewerten, um Verbesserungen, um Benutzer, die uns besuchen, besser dienen werden. Um zu erm\u00f6glichen, gerecht zu werden, Block oder Cookies auf Ihrem Computer installiert haben, k\u00f6nnen dies tun zu entfernen, indem Sie Ihre Browser-Optionen auf Ihrem Computer installiert.<\/p>\n<p>Zum Beispiel k\u00f6nnen Sie Informationen dazu, wie wenn Sie als Browser verwenden, finden Sie:<\/p>\n<p>Firefox seit https:\/\/support.mozilla.org\/es\/kb\/habilitar-y-deshabilitar-cookies<br \/>\nChrome seit http:\/\/support.google.com\/chrome\/bin\/answer.py?hl=es&amp;answer=95647<br \/>\nExplorer: http:\/\/windows.microsoft.com\/es-es\/windows7\/how-to-manage-cookies-in-internet-explorer-9<br \/>\nSafari seit: http:\/\/support.apple.com\/kb\/ph5042<\/p>\n<\/div>\n<\/div>\n<\/div>\n<\/section>\n<div class=\"clearfix\"><\/div>\n<div class=\"clearfix\"><\/div>\n<section class=\"copyright-wrap footer_area\">\n<div class=\"container\">\n<div class=\"row\">\n<div class=\"col-lg-4 col-md-4 col-sm-4 col-xs-12\"><\/div>\n<\/div>\n<\/div>\n<\/section>\n","protected":false},"excerpt":{"rendered":"<p>Wir verwenden Cookies, um die Nutzung unserer Website zu erleichtern. Cookies sind kleine Dateien mit Informationen, die uns zu vergleichen und zu verstehen, wie unsere Nutzer navigieren Sie durch unsere Website und damit folglich die Navigation zu verbessern erlauben. Die von uns verwendeten Cookies speichern keine pers\u00f6nlichen Daten oder Informationen, die Sie identifizieren k\u00f6nnen. Wenn..<\/p>\n","protected":false},"author":1,"featured_media":0,"parent":0,"menu_order":0,"comment_status":"closed","ping_status":"closed","template":"","meta":{"footnotes":""},"_links":{"self":[{"href":"https:\/\/carpinteriacirer.com\/cc\/wp-json\/wp\/v2\/pages\/1148"}],"collection":[{"href":"https:\/\/carpinteriacirer.com\/cc\/wp-json\/wp\/v2\/pages"}],"about":[{"href":"https:\/\/carpinteriacirer.com\/cc\/wp-json\/wp\/v2\/types\/page"}],"author":[{"embeddable":true,"href":"https:\/\/carpinteriacirer.com\/cc\/wp-json\/wp\/v2\/users\/1"}],"replies":[{"embeddable":true,"href":"https:\/\/carpinteriacirer.com\/cc\/wp-json\/wp\/v2\/comments?post=1148"}],"version-history":[{"count":1,"href":"https:\/\/carpinteriacirer.com\/cc\/wp-json\/wp\/v2\/pages\/1148\/revisions"}],"predecessor-version":[{"id":1149,"href":"https:\/\/carpinteriacirer.com\/cc\/wp-json\/wp\/v2\/pages\/1148\/revisions\/1149"}],"wp:attachment":[{"href":"https:\/\/carpinteriacirer.com\/cc\/wp-json\/wp\/v2\/media?parent=1148"}],"curies":[{"name":"wp","href":"https:\/\/api.w.org\/{rel}","templated":true}]}}