{"id":1150,"date":"2019-08-05T16:10:59","date_gmt":"2019-08-05T16:10:59","guid":{"rendered":"http:\/\/carpinteriacirer.com\/cc\/?page_id=1150"},"modified":"2019-08-05T16:10:59","modified_gmt":"2019-08-05T16:10:59","slug":"politica-de-cookies","status":"publish","type":"page","link":"https:\/\/carpinteriacirer.com\/cc\/ca\/politica-de-cookies\/","title":{"rendered":"Pol\u00edtica de Cookies"},"content":{"rendered":"<p>Utilitzem cookies per facilitar l\u2019\u00fas de la nostra p\u00e0gina web. Les cookies s\u00f3n petits fitxers d\u2019informaci\u00f3 que ens permeten comparar i entendre com els nostres usuaris naveguen a trav\u00e9s de la nostra p\u00e0gina web i, d\u2019aquesta manera, poder millorar conseq\u00fcentment el proc\u00e9s de navegaci\u00f3. Les cookies que utilitzem no emmagatzemen dada personal algun ni cap tipus d\u2019informaci\u00f3 que pugui identificar-lo. En cas de no voler rebre cookies, si us plau configura el teu navegador d\u2019Internet perqu\u00e8 les esborri del disc dur del teu ordinador, les bloquegi o et avisi en cas d\u2019instal\u00b7laci\u00f3 de les mateixes. Per continuar sense canvis en la configuraci\u00f3 de les galetes, simplement continua en la p\u00e0gina web.<\/p>\n<p>Els tipus de cookies que utilitzem:<\/p>\n<ul>\n<li><strong>Cookies t\u00e8cniques:<\/strong>\u00a0S\u00f3n aquelles que permeten a l\u2019usuari la navegaci\u00f3 a trav\u00e9s d\u2019una p\u00e0gina web, plataforma o aplicaci\u00f3 i la utilitzaci\u00f3 de les diferents opcions o serveis que en ella hi hagi com, per exemple, controlar el tr\u00e0nsit i la comunicaci\u00f3 de dades, identificar la sessi\u00f3, accedir a parts d\u2019acc\u00e9s restringit, recordar els elements que integren una comanda, realitzar el proc\u00e9s de compra d\u2019una comanda, realitzar la sol\u00b7licitud d\u2019inscripci\u00f3 o participaci\u00f3 en un esdeveniment, utilitzar elements de seguretat durant la navegaci\u00f3, emmagatzemar continguts per a la difusi\u00f3 de v\u00eddeos o so o compartir continguts a trav\u00e9s de xarxes socials.<\/li>\n<\/ul>\n<ul>\n<li><strong>Cookies de personalitzaci\u00f3<\/strong>: S\u00f3n aquelles que permeten a l\u2019usuari accedir al servei amb algunes caracter\u00edstiques de car\u00e0cter general predefinides en funci\u00f3 d\u2019una s\u00e8rie de criteris en el terminal de l\u2019usuari com ara serien l\u2019idioma, el tipus de navegador mitjan\u00e7ant el qual accedeix al servei , la configuraci\u00f3 regional des d\u2019on s\u2019accedeix al servei, etc.<\/li>\n<\/ul>\n<p>Aquesta informaci\u00f3 la fem servir per millorar la nostra p\u00e0gina, detectar noves necessitats i valorar les millores a introduir amb la finalitat de prestar un millor servei als usuaris que ens visiten. Per permetre, con\u00e8ixer, bloquejar o eliminar les cookies instal\u00b7lades en el teu equip pots fer-ho mitjan\u00e7ant la configuraci\u00f3 de les opcions del navegador en el vostre ordinador.<\/p>\n<p>Per exemple pots trobar informaci\u00f3 sobre com fer-ho en el cas que facis servir com a navegador:<\/p>\n<p>Firefox des de:\u00a0<a href=\"https:\/\/support.mozilla.org\/es\/kb\/habilitar-y-deshabilitar-cookies-que-los-sitios-we\" target=\"_blank\" rel=\"noopener noreferrer\">https:\/\/support.mozilla.org\/es\/kb\/habilitar-y-deshabilitar-cookies<\/a><br \/>\nChrome des de:\u00a0<a href=\"http:\/\/support.google.com\/chrome\/bin\/answer.py?hl=es&amp;answer=95647\" target=\"_blank\" rel=\"noopener noreferrer\">http:\/\/support.google.com\/chrome\/bin\/answer.py?hl=es&amp;answer=95647<\/a><br \/>\nExplorer des de:\u00a0<a href=\"http:\/\/windows.microsoft.com\/es-es\/windows7\/how-to-manage-cookies-in-internet-explorer-9\" target=\"_blank\" rel=\"noopener noreferrer\">http:\/\/windows.microsoft.com\/es-es\/windows7\/how-to-manage-cookies-in-internet-explorer-9<\/a><br \/>\nSafari des de:\u00a0<a href=\"http:\/\/support.apple.com\/kb\/ph5042\" target=\"_blank\" rel=\"noopener noreferrer\">http:\/\/support.apple.com\/kb\/ph5042<\/a><\/p>\n","protected":false},"excerpt":{"rendered":"<p>Utilitzem cookies per facilitar l\u2019\u00fas de la nostra p\u00e0gina web. Les cookies s\u00f3n petits fitxers d\u2019informaci\u00f3 que ens permeten comparar i entendre com els nostres usuaris naveguen a trav\u00e9s de la nostra p\u00e0gina web i, d\u2019aquesta manera, poder millorar conseq\u00fcentment el proc\u00e9s de navegaci\u00f3. Les cookies que utilitzem no emmagatzemen dada personal algun ni cap..<\/p>\n","protected":false},"author":1,"featured_media":0,"parent":0,"menu_order":0,"comment_status":"closed","ping_status":"closed","template":"","meta":{"footnotes":""},"_links":{"self":[{"href":"https:\/\/carpinteriacirer.com\/cc\/wp-json\/wp\/v2\/pages\/1150"}],"collection":[{"href":"https:\/\/carpinteriacirer.com\/cc\/wp-json\/wp\/v2\/pages"}],"about":[{"href":"https:\/\/carpinteriacirer.com\/cc\/wp-json\/wp\/v2\/types\/page"}],"author":[{"embeddable":true,"href":"https:\/\/carpinteriacirer.com\/cc\/wp-json\/wp\/v2\/users\/1"}],"replies":[{"embeddable":true,"href":"https:\/\/carpinteriacirer.com\/cc\/wp-json\/wp\/v2\/comments?post=1150"}],"version-history":[{"count":1,"href":"https:\/\/carpinteriacirer.com\/cc\/wp-json\/wp\/v2\/pages\/1150\/revisions"}],"predecessor-version":[{"id":1151,"href":"https:\/\/carpinteriacirer.com\/cc\/wp-json\/wp\/v2\/pages\/1150\/revisions\/1151"}],"wp:attachment":[{"href":"https:\/\/carpinteriacirer.com\/cc\/wp-json\/wp\/v2\/media?parent=1150"}],"curies":[{"name":"wp","href":"https:\/\/api.w.org\/{rel}","templated":true}]}}